{"id":192,"date":"2017-08-28T19:30:39","date_gmt":"2017-08-28T19:30:39","guid":{"rendered":"http:\/\/feuxfolletsgymdole.fr\/wordpress\/?page_id=192"},"modified":"2021-09-03T11:31:43","modified_gmt":"2021-09-03T11:31:43","slug":"gym-enfant-de-18-mois-a-6-ans","status":"publish","type":"page","link":"http:\/\/feuxfolletsgymdole.fr\/?page_id=192","title":{"rendered":"Gym Baby &#038; enfants &#8211; de 18 mois \u00e0 6 ans"},"content":{"rendered":"<p><strong>Les Feux Follets Gym Dole est labellis\u00e9 \u00ab\u00a0Baby-Gym\u00a0\u00bb par la F\u00e9d\u00e9ration Fran\u00e7aise de Gymnastique<\/strong><\/p>\n<p>&nbsp;<\/p>\n<p><img decoding=\"async\" loading=\"lazy\" class=\"alignnone wp-image-1209\" src=\"http:\/\/feuxfolletsgymdole.fr\/wp-content\/uploads\/2017\/08\/FFGYM-Logo-Club-labellis\u00e9-Baby-Gym-300x300.jpg\" alt=\"\" width=\"275\" height=\"275\" srcset=\"http:\/\/feuxfolletsgymdole.fr\/wp-content\/uploads\/2017\/08\/FFGYM-Logo-Club-labellis\u00e9-Baby-Gym-300x300.jpg 300w, http:\/\/feuxfolletsgymdole.fr\/wp-content\/uploads\/2017\/08\/FFGYM-Logo-Club-labellis\u00e9-Baby-Gym-150x150.jpg 150w, http:\/\/feuxfolletsgymdole.fr\/wp-content\/uploads\/2017\/08\/FFGYM-Logo-Club-labellis\u00e9-Baby-Gym-768x766.jpg 768w, http:\/\/feuxfolletsgymdole.fr\/wp-content\/uploads\/2017\/08\/FFGYM-Logo-Club-labellis\u00e9-Baby-Gym-1024x1022.jpg 1024w\" sizes=\"(max-width: 275px) 100vw, 275px\" \/><img decoding=\"async\" loading=\"lazy\" class=\"wp-image-1218 alignright\" src=\"http:\/\/feuxfolletsgymdole.fr\/wp-content\/uploads\/2017\/08\/affiche-baby-212x300.jpg\" alt=\"\" width=\"371\" height=\"525\" srcset=\"http:\/\/feuxfolletsgymdole.fr\/wp-content\/uploads\/2017\/08\/affiche-baby-212x300.jpg 212w, http:\/\/feuxfolletsgymdole.fr\/wp-content\/uploads\/2017\/08\/affiche-baby-768x1085.jpg 768w, http:\/\/feuxfolletsgymdole.fr\/wp-content\/uploads\/2017\/08\/affiche-baby-725x1024.jpg 725w, http:\/\/feuxfolletsgymdole.fr\/wp-content\/uploads\/2017\/08\/affiche-baby.jpg 1123w\" sizes=\"(max-width: 371px) 100vw, 371px\" \/><\/p>\n<p>&nbsp;<\/p>\n<p>&nbsp;<\/p>\n<p>Pour <strong>jouer, <\/strong><strong>grimper,<\/strong> <strong>rouler<\/strong>, <strong>s\u2019amuser<\/strong> \u2026<\/p>\n<p>Des 18 mois \u00e0 6 ans, une activit\u00e9 id\u00e9ale pour\u00a0se d\u00e9fouler et apprendre \u00e0 ma\u00eetriser son corps !<\/p>\n<p>&nbsp;<\/p>\n<h3>4 bonnes raisons de faire de la Baby Gym<\/h3>\n<p>&nbsp;<\/p>\n<p><strong><img decoding=\"async\" class=\"tinymce-media alignright\" src=\"https:\/\/www.ffgym.fr\/media\/1463060042-gallery-1463060042-Baby%205.jpg\" alt=\"\" data-id=\"5734864a452bdc985d8b4580\" data-format=\"gallery\" \/><\/strong><\/p>\n<p><strong>1. Un lieu r\u00e9serv\u00e9 \u00e0 la Baby Gym<br \/>\n<\/strong><\/p>\n<p>Le gymnase est une structure am\u00e9nag\u00e9e qui peut devenir un magnifique terrain de jeu s\u00e9curis\u00e9. Un lieu parfaitement adapt\u00e9 au d\u00e9veloppement psychomoteur de l&rsquo;enfant! Parce l&rsquo;enfant a besoin de bouger, les activit\u00e9s de la Baby Gym ont \u00e9t\u00e9 pens\u00e9es en fonction de son comportement : marcher, sauter, rouler, se balancer, jouer, imiter, imaginer, explorer.<\/p>\n<p><strong>2. Un encadrement qualifi\u00e9 et certifi\u00e9<\/strong><\/p>\n<p>Tous les animateurs du Club sont titulaires du dipl\u00f4me d&rsquo;Animateur d\u00e9livr\u00e9 par la FFG.<\/p>\n<p><strong>3. Une activit\u00e9 en famille<\/strong><\/p>\n<p>Tous les parents s&rsquo;\u00e9merveillent des prouesses et des progr\u00e8s de leurs enfants. Les parents, les grands parents ou les nounous sont accueillis \u00e0 bras ouverts pour participer \u00e0 la s\u00e9ance de Baby Gym : guider son enfant sur la poutre, donner la main \u00e0 un autre sur un parcours, d\u00e9placer un tapis sur un autre atelier&#8230;..<\/p>\n<p><strong>4. Les plus de la Baby Gym<\/strong><\/p>\n<p>Le programme Baby Gym, \u00e9labor\u00e9 en collaboration avec des enseignants facilite l&rsquo;apprentissage du langage par l&rsquo;acquisition des bases psychomotrices et de coordination requises.<\/p>\n<p>&nbsp;<\/p>\n<h3>L\u2019organisation de l\u2019activit\u00e9 s\u2019appuie sur les diff\u00e9rents stades de d\u00e9veloppement de l\u2019enfant.<br \/>\nElle se d\u00e9coupe en 5 ann\u00e9es.<\/h3>\n<p>&nbsp;<\/p>\n<p><img decoding=\"async\" loading=\"lazy\" class=\" wp-image-1206 alignleft\" src=\"http:\/\/feuxfolletsgymdole.fr\/wp-content\/uploads\/2017\/08\/BabyGym_visuel_2-300x161.jpg\" alt=\"\" width=\"328\" height=\"176\" srcset=\"http:\/\/feuxfolletsgymdole.fr\/wp-content\/uploads\/2017\/08\/BabyGym_visuel_2-300x161.jpg 300w, http:\/\/feuxfolletsgymdole.fr\/wp-content\/uploads\/2017\/08\/BabyGym_visuel_2-768x412.jpg 768w, http:\/\/feuxfolletsgymdole.fr\/wp-content\/uploads\/2017\/08\/BabyGym_visuel_2-1024x549.jpg 1024w\" sizes=\"(max-width: 328px) 100vw, 328px\" \/><img decoding=\"async\" loading=\"lazy\" class=\"wp-image-1207 aligncenter\" src=\"http:\/\/feuxfolletsgymdole.fr\/wp-content\/uploads\/2017\/08\/BabyGym_visuel_1-300x161.jpg\" alt=\"\" width=\"331\" height=\"178\" srcset=\"http:\/\/feuxfolletsgymdole.fr\/wp-content\/uploads\/2017\/08\/BabyGym_visuel_1-300x161.jpg 300w, http:\/\/feuxfolletsgymdole.fr\/wp-content\/uploads\/2017\/08\/BabyGym_visuel_1-768x412.jpg 768w, http:\/\/feuxfolletsgymdole.fr\/wp-content\/uploads\/2017\/08\/BabyGym_visuel_1-1024x549.jpg 1024w\" sizes=\"(max-width: 331px) 100vw, 331px\" \/><\/p>\n","protected":false},"excerpt":{"rendered":"<p>Les Feux Follets Gym Dole est labellis\u00e9 \u00ab\u00a0Baby-Gym\u00a0\u00bb par la F\u00e9d\u00e9ration Fran\u00e7aise de Gymnastique &nbsp; &nbsp; &nbsp; Pour jouer, grimper, rouler, s\u2019amuser \u2026 Des 18 mois \u00e0 6 ans, une activit\u00e9 id\u00e9ale pour\u00a0se d\u00e9fouler et apprendre \u00e0 ma\u00eetriser son corps ! &nbsp; 4 bonnes raisons de faire de la Baby Gym &nbsp; 1. Un lieu [&hellip;]<\/p>\n","protected":false},"author":1,"featured_media":0,"parent":0,"menu_order":0,"comment_status":"closed","ping_status":"closed","template":"","meta":[],"_links":{"self":[{"href":"http:\/\/feuxfolletsgymdole.fr\/index.php?rest_route=\/wp\/v2\/pages\/192"}],"collection":[{"href":"http:\/\/feuxfolletsgymdole.fr\/index.php?rest_route=\/wp\/v2\/pages"}],"about":[{"href":"http:\/\/feuxfolletsgymdole.fr\/index.php?rest_route=\/wp\/v2\/types\/page"}],"author":[{"embeddable":true,"href":"http:\/\/feuxfolletsgymdole.fr\/index.php?rest_route=\/wp\/v2\/users\/1"}],"replies":[{"embeddable":true,"href":"http:\/\/feuxfolletsgymdole.fr\/index.php?rest_route=%2Fwp%2Fv2%2Fcomments&post=192"}],"version-history":[{"count":12,"href":"http:\/\/feuxfolletsgymdole.fr\/index.php?rest_route=\/wp\/v2\/pages\/192\/revisions"}],"predecessor-version":[{"id":1220,"href":"http:\/\/feuxfolletsgymdole.fr\/index.php?rest_route=\/wp\/v2\/pages\/192\/revisions\/1220"}],"wp:attachment":[{"href":"http:\/\/feuxfolletsgymdole.fr\/index.php?rest_route=%2Fwp%2Fv2%2Fmedia&parent=192"}],"curies":[{"name":"wp","href":"https:\/\/api.w.org\/{rel}","templated":true}]}}