{"id":195,"date":"2017-08-28T19:30:39","date_gmt":"2017-08-28T19:30:39","guid":{"rendered":"http:\/\/feuxfolletsgymdole.fr\/wordpress\/?page_id=195"},"modified":"2021-09-03T11:26:30","modified_gmt":"2021-09-03T11:26:30","slug":"section-horaire-amenagee","status":"publish","type":"page","link":"http:\/\/feuxfolletsgymdole.fr\/?page_id=195","title":{"rendered":"Section horaires am\u00e9nag\u00e9s"},"content":{"rendered":"<p>Notre partenariat avec le groupe scolaire Mont Roland situ\u00e9 \u00e0 Dole, nous permet de b\u00e9n\u00e9ficier d&rsquo;horaires am\u00e9nag\u00e9s pour les sportifs qui souhaitent s&rsquo;impliquer fortement dans la gymnastique.<\/p>\n<p>L&rsquo;entr\u00e9e dans cette section se fait sur s\u00e9lection par le club.<\/p>\n<p>Les gymnastes de cette section participent aux comp\u00e9titions de la f\u00e9d\u00e9ration fran\u00e7aise de gym, allant du niveau d\u00e9partemental jusqu&rsquo;au niveau national.<\/p>\n<p>Pour plus de renseignements n&rsquo;h\u00e9sitez pas \u00e0 nous contacter.<\/p>\n<p>&nbsp;<\/p>\n<p>&nbsp;<\/p>\n","protected":false},"excerpt":{"rendered":"<p>Notre partenariat avec le groupe scolaire Mont Roland situ\u00e9 \u00e0 Dole, nous permet de b\u00e9n\u00e9ficier d&rsquo;horaires am\u00e9nag\u00e9s pour les sportifs qui souhaitent s&rsquo;impliquer fortement dans la gymnastique. L&rsquo;entr\u00e9e dans cette section se fait sur s\u00e9lection par le club. Les gymnastes de cette section participent aux comp\u00e9titions de la f\u00e9d\u00e9ration fran\u00e7aise de gym, allant du niveau [&hellip;]<\/p>\n","protected":false},"author":1,"featured_media":0,"parent":0,"menu_order":0,"comment_status":"closed","ping_status":"closed","template":"","meta":[],"_links":{"self":[{"href":"http:\/\/feuxfolletsgymdole.fr\/index.php?rest_route=\/wp\/v2\/pages\/195"}],"collection":[{"href":"http:\/\/feuxfolletsgymdole.fr\/index.php?rest_route=\/wp\/v2\/pages"}],"about":[{"href":"http:\/\/feuxfolletsgymdole.fr\/index.php?rest_route=\/wp\/v2\/types\/page"}],"author":[{"embeddable":true,"href":"http:\/\/feuxfolletsgymdole.fr\/index.php?rest_route=\/wp\/v2\/users\/1"}],"replies":[{"embeddable":true,"href":"http:\/\/feuxfolletsgymdole.fr\/index.php?rest_route=%2Fwp%2Fv2%2Fcomments&post=195"}],"version-history":[{"count":4,"href":"http:\/\/feuxfolletsgymdole.fr\/index.php?rest_route=\/wp\/v2\/pages\/195\/revisions"}],"predecessor-version":[{"id":1217,"href":"http:\/\/feuxfolletsgymdole.fr\/index.php?rest_route=\/wp\/v2\/pages\/195\/revisions\/1217"}],"wp:attachment":[{"href":"http:\/\/feuxfolletsgymdole.fr\/index.php?rest_route=%2Fwp%2Fv2%2Fmedia&parent=195"}],"curies":[{"name":"wp","href":"https:\/\/api.w.org\/{rel}","templated":true}]}}