{"id":201,"date":"2017-08-28T19:30:39","date_gmt":"2017-08-28T19:30:39","guid":{"rendered":"http:\/\/feuxfolletsgymdole.fr\/wordpress\/?page_id=201"},"modified":"2018-03-19T11:15:37","modified_gmt":"2018-03-19T11:15:37","slug":"photos","status":"publish","type":"page","link":"http:\/\/feuxfolletsgymdole.fr\/?page_id=201","title":{"rendered":"Photos"},"content":{"rendered":"<p><img decoding=\"async\" loading=\"lazy\" class=\"alignnone wp-image-520 aligncenter\" src=\"http:\/\/feuxfolletsgymdole.fr\/wp-content\/uploads\/2018\/03\/Championnat-d\u00e9partemental-f\u00e9d\u00e9ral-B-et-poussines-Performance-300x225.jpg\" alt=\"\" width=\"400\" height=\"300\" srcset=\"http:\/\/feuxfolletsgymdole.fr\/wp-content\/uploads\/2018\/03\/Championnat-d\u00e9partemental-f\u00e9d\u00e9ral-B-et-poussines-Performance-300x225.jpg 300w, http:\/\/feuxfolletsgymdole.fr\/wp-content\/uploads\/2018\/03\/Championnat-d\u00e9partemental-f\u00e9d\u00e9ral-B-et-poussines-Performance-768x576.jpg 768w, http:\/\/feuxfolletsgymdole.fr\/wp-content\/uploads\/2018\/03\/Championnat-d\u00e9partemental-f\u00e9d\u00e9ral-B-et-poussines-Performance.jpg 960w\" sizes=\"(max-width: 400px) 100vw, 400px\" \/><\/p>\n<hr \/>\n<p>Championnat inter-d\u00e9partemental individuel Performance 10 mars<\/p>\n<p><img decoding=\"async\" loading=\"lazy\" class=\"alignnone wp-image-537\" src=\"http:\/\/feuxfolletsgymdole.fr\/wp-content\/uploads\/2017\/08\/29062781_1984533251874045_2039155813572057634_n-300x225.jpg\" alt=\"\" width=\"224\" height=\"168\" srcset=\"http:\/\/feuxfolletsgymdole.fr\/wp-content\/uploads\/2017\/08\/29062781_1984533251874045_2039155813572057634_n-300x225.jpg 300w, http:\/\/feuxfolletsgymdole.fr\/wp-content\/uploads\/2017\/08\/29062781_1984533251874045_2039155813572057634_n-768x576.jpg 768w, http:\/\/feuxfolletsgymdole.fr\/wp-content\/uploads\/2017\/08\/29062781_1984533251874045_2039155813572057634_n.jpg 960w\" sizes=\"(max-width: 224px) 100vw, 224px\" \/><img decoding=\"async\" loading=\"lazy\" class=\"wp-image-538 alignright\" src=\"http:\/\/feuxfolletsgymdole.fr\/wp-content\/uploads\/2017\/08\/29177719_1984533208540716_2958995805313717482_n-300x225.jpg\" alt=\"\" width=\"236\" height=\"177\" srcset=\"http:\/\/feuxfolletsgymdole.fr\/wp-content\/uploads\/2017\/08\/29177719_1984533208540716_2958995805313717482_n-300x225.jpg 300w, http:\/\/feuxfolletsgymdole.fr\/wp-content\/uploads\/2017\/08\/29177719_1984533208540716_2958995805313717482_n-768x576.jpg 768w, http:\/\/feuxfolletsgymdole.fr\/wp-content\/uploads\/2017\/08\/29177719_1984533208540716_2958995805313717482_n.jpg 960w\" sizes=\"(max-width: 236px) 100vw, 236px\" \/><\/p>\n<p><img decoding=\"async\" loading=\"lazy\" class=\" wp-image-536 alignleft\" src=\"http:\/\/feuxfolletsgymdole.fr\/wp-content\/uploads\/2017\/08\/29063115_1984533378540699_5914625362056183546_n-300x225.jpg\" alt=\"\" width=\"216\" height=\"162\" srcset=\"http:\/\/feuxfolletsgymdole.fr\/wp-content\/uploads\/2017\/08\/29063115_1984533378540699_5914625362056183546_n-300x225.jpg 300w, http:\/\/feuxfolletsgymdole.fr\/wp-content\/uploads\/2017\/08\/29063115_1984533378540699_5914625362056183546_n-768x576.jpg 768w, http:\/\/feuxfolletsgymdole.fr\/wp-content\/uploads\/2017\/08\/29063115_1984533378540699_5914625362056183546_n.jpg 960w\" sizes=\"(max-width: 216px) 100vw, 216px\" \/><\/p>\n<p><img decoding=\"async\" loading=\"lazy\" class=\"alignnone wp-image-510 aligncenter\" src=\"http:\/\/feuxfolletsgymdole.fr\/wp-content\/uploads\/2018\/03\/IMG_20180310_1515581-300x225.jpg\" alt=\"\" width=\"268\" height=\"201\" srcset=\"http:\/\/feuxfolletsgymdole.fr\/wp-content\/uploads\/2018\/03\/IMG_20180310_1515581-300x225.jpg 300w, http:\/\/feuxfolletsgymdole.fr\/wp-content\/uploads\/2018\/03\/IMG_20180310_1515581-768x576.jpg 768w, http:\/\/feuxfolletsgymdole.fr\/wp-content\/uploads\/2018\/03\/IMG_20180310_1515581-1024x768.jpg 1024w\" sizes=\"(max-width: 268px) 100vw, 268px\" \/><\/p>\n<hr \/>\n<p><img decoding=\"async\" loading=\"lazy\" class=\"wp-image-482 aligncenter\" src=\"http:\/\/feuxfolletsgymdole.fr\/wp-content\/uploads\/2017\/08\/competition-individuelle-300x169.jpg\" alt=\"\" width=\"662\" height=\"373\" srcset=\"http:\/\/feuxfolletsgymdole.fr\/wp-content\/uploads\/2017\/08\/competition-individuelle-300x169.jpg 300w, http:\/\/feuxfolletsgymdole.fr\/wp-content\/uploads\/2017\/08\/competition-individuelle-768x432.jpg 768w, http:\/\/feuxfolletsgymdole.fr\/wp-content\/uploads\/2017\/08\/competition-individuelle-1024x576.jpg 1024w, http:\/\/feuxfolletsgymdole.fr\/wp-content\/uploads\/2017\/08\/competition-individuelle.jpg 1280w\" sizes=\"(max-width: 662px) 100vw, 662px\" \/><\/p>\n","protected":false},"excerpt":{"rendered":"<p>Championnat inter-d\u00e9partemental individuel Performance 10 mars<\/p>\n","protected":false},"author":1,"featured_media":0,"parent":0,"menu_order":0,"comment_status":"closed","ping_status":"closed","template":"","meta":[],"_links":{"self":[{"href":"http:\/\/feuxfolletsgymdole.fr\/index.php?rest_route=\/wp\/v2\/pages\/201"}],"collection":[{"href":"http:\/\/feuxfolletsgymdole.fr\/index.php?rest_route=\/wp\/v2\/pages"}],"about":[{"href":"http:\/\/feuxfolletsgymdole.fr\/index.php?rest_route=\/wp\/v2\/types\/page"}],"author":[{"embeddable":true,"href":"http:\/\/feuxfolletsgymdole.fr\/index.php?rest_route=\/wp\/v2\/users\/1"}],"replies":[{"embeddable":true,"href":"http:\/\/feuxfolletsgymdole.fr\/index.php?rest_route=%2Fwp%2Fv2%2Fcomments&post=201"}],"version-history":[{"count":5,"href":"http:\/\/feuxfolletsgymdole.fr\/index.php?rest_route=\/wp\/v2\/pages\/201\/revisions"}],"predecessor-version":[{"id":540,"href":"http:\/\/feuxfolletsgymdole.fr\/index.php?rest_route=\/wp\/v2\/pages\/201\/revisions\/540"}],"wp:attachment":[{"href":"http:\/\/feuxfolletsgymdole.fr\/index.php?rest_route=%2Fwp%2Fv2%2Fmedia&parent=201"}],"curies":[{"name":"wp","href":"https:\/\/api.w.org\/{rel}","templated":true}]}}